{"id":8,"date":"2020-01-28T20:32:10","date_gmt":"2020-01-28T19:32:10","guid":{"rendered":"http:\/\/www.elephantpowerrecords.com\/?page_id=8"},"modified":"2025-09-08T15:49:39","modified_gmt":"2025-09-08T13:49:39","slug":"accueil","status":"publish","type":"page","link":"https:\/\/www.elephantpowerrecords.com\/","title":{"rendered":"Accueil"},"content":{"rendered":"<p>[et_pb_section fb_built=&#8221;1&#8243; _builder_version=&#8221;4.24.2&#8243; _module_preset=&#8221;default&#8221; global_colors_info=&#8221;{}&#8221;][et_pb_row _builder_version=&#8221;4.24.2&#8243; _module_preset=&#8221;default&#8221; global_colors_info=&#8221;{}&#8221;][et_pb_column type=&#8221;4_4&#8243; _builder_version=&#8221;4.24.2&#8243; _module_preset=&#8221;default&#8221; global_colors_info=&#8221;{}&#8221;][et_pb_image src=&#8221;https:\/\/www.elephantpowerrecords.com\/wp-content\/uploads\/2025\/05\/Front-cover-vinyl-light.png&#8221; title_text=&#8221;Front-cover-vinyl-light&#8221; align=&#8221;center&#8221; _builder_version=&#8221;4.27.4&#8243; _module_preset=&#8221;default&#8221; background_color=&#8221;RGBA(255,255,255,0)&#8221; global_colors_info=&#8221;{}&#8221;][\/et_pb_image][et_pb_text content_tablet=&#8221;<\/p>\n<p style=%22text-align: center;%22>BLOWING FROM ABOVE &#8211; LP<\/p>\n<p>&#8221; content_phone=&#8221;<\/p>\n<p style=%22text-align: center;%22>BLOWING FROM ABOVE &#8211; LP<\/p>\n<p>&#8221; content_last_edited=&#8221;on|desktop&#8221; _builder_version=&#8221;4.27.4&#8243; _module_preset=&#8221;default&#8221; text_font=&#8221;||||||||&#8221; text_text_color=&#8221;#000000&#8243; text_font_size=&#8221;32px&#8221; hover_enabled=&#8221;0&#8243; global_colors_info=&#8221;{}&#8221; content__hover_enabled=&#8221;on|desktop&#8221; content__hover=&#8221;&#8221; sticky_enabled=&#8221;0&#8243;]<\/p>\n<p style=\"text-align: center;\">BLOWING FROM ABOVE &#8211; LP<\/p>\n<p>[\/et_pb_text][et_pb_button button_url=&#8221;https:\/\/djelephantpower1.bandcamp.com\/album\/blowing-from-above-lp&#8221; button_text=&#8221;BUY&#8221; button_alignment=&#8221;center&#8221; _builder_version=&#8221;4.27.4&#8243; _module_preset=&#8221;default&#8221; custom_button=&#8221;on&#8221; button_text_color=&#8221;#E02B20&#8243; button_bg_color=&#8221;#FFFFFF&#8221; button_border_color=&#8221;#E02B20&#8243; button_use_icon=&#8221;off&#8221; global_colors_info=&#8221;{}&#8221;][\/et_pb_button][et_pb_text content_tablet=&#8221;<\/p>\n<p style=%22text-align: center;%22>BLOWING FROM ABOVE &#8211; EP Vinyl<\/p>\n<p>&#8221; content_phone=&#8221;<\/p>\n<p style=%22text-align: center;%22>BLOWING FROM ABOVE &#8211; EP Vinyl<\/p>\n<p>&#8221; content_last_edited=&#8221;on|desktop&#8221; _builder_version=&#8221;4.27.4&#8243; _module_preset=&#8221;default&#8221; text_font=&#8221;||||||||&#8221; text_text_color=&#8221;#000000&#8243; text_font_size=&#8221;32px&#8221; hover_enabled=&#8221;0&#8243; global_colors_info=&#8221;{}&#8221; content__hover_enabled=&#8221;off|hover&#8221; sticky_enabled=&#8221;0&#8243;]<\/p>\n<p style=\"text-align: center;\">BLOWING FROM ABOVE &#8211; EP Vinyl<\/p>\n<p>[\/et_pb_text][et_pb_button button_url=&#8221;https:\/\/www.elephantpowerrecords.com\/index.php\/produit\/blowing-from-above-ep-12-vinyl\/&#8221; button_text=&#8221;BUY&#8221; button_alignment=&#8221;center&#8221; _builder_version=&#8221;4.27.4&#8243; _module_preset=&#8221;default&#8221; custom_button=&#8221;on&#8221; button_text_color=&#8221;#E02B20&#8243; button_bg_color=&#8221;#FFFFFF&#8221; button_border_color=&#8221;#E02B20&#8243; button_use_icon=&#8221;off&#8221; global_colors_info=&#8221;{}&#8221;][\/et_pb_button][et_pb_image src=&#8221;https:\/\/www.elephantpowerrecords.com\/wp-content\/uploads\/2024\/10\/Vinyl-Record-Tee.png&#8221; title_text=&#8221;Vinyl-Record-+-Tee&#8221; url=&#8221;https:\/\/www.elephantpowerrecords.com\/index.php\/merchandise\/&#8221; align=&#8221;center&#8221; _builder_version=&#8221;4.27.2&#8243; _module_preset=&#8221;default&#8221; global_colors_info=&#8221;{}&#8221;][\/et_pb_image][et_pb_video src=&#8221;https:\/\/www.youtube.com\/watch?v=G9COqMpiyXI&#8221; _builder_version=&#8221;4.27.4&#8243; _module_preset=&#8221;default&#8221; global_colors_info=&#8221;{}&#8221;][\/et_pb_video][\/et_pb_column][\/et_pb_row][\/et_pb_section][et_pb_section fb_built=&#8221;1&#8243; _builder_version=&#8221;4.24.2&#8243; _module_preset=&#8221;default&#8221; background_color=&#8221;#000000&#8243; global_colors_info=&#8221;{}&#8221;][et_pb_row _builder_version=&#8221;4.24.2&#8243; _module_preset=&#8221;default&#8221; global_colors_info=&#8221;{}&#8221;][et_pb_column type=&#8221;4_4&#8243; _builder_version=&#8221;4.24.2&#8243; _module_preset=&#8221;default&#8221; global_colors_info=&#8221;{}&#8221;][et_pb_video src=&#8221;https:\/\/www.youtube.com\/watch?v=PMHb8ppNcy0&#038;t=261s&#8221; _builder_version=&#8221;4.24.2&#8243; _module_preset=&#8221;default&#8221; global_colors_info=&#8221;{}&#8221;][\/et_pb_video][\/et_pb_column][\/et_pb_row][\/et_pb_section]<\/p>\n","protected":false},"excerpt":{"rendered":"<p>BLOWING FROM ABOVE &#8211; LPBLOWING FROM ABOVE &#8211; EP Vinyl<\/p>\n","protected":false},"author":1,"featured_media":0,"parent":0,"menu_order":0,"comment_status":"closed","ping_status":"closed","template":"","meta":{"_et_pb_use_builder":"on","_et_pb_old_content":"<div class=\"col-md-5\"><h3>\u00c0 propos de Hestia<\/h3>Besoin de plus de d\u00e9tails ? Consultez notre documentation compl\u00e8te sur la m\u00e9thode d\u2019utilisation de Hestia.<\/div><div class=\"col-md-6 col-md-offset-1\"><img class=\"size-medium alignright\" src=\"http:\/\/www.elephantpowerrecords.com\/wp-content\/themes\/hestia\/assets\/img\/about-content.png\"\/><\/div>","_et_gb_content_width":"","footnotes":""},"class_list":["post-8","page","type-page","status-publish","hentry"],"yoast_head":"<!-- This site is optimized with the Yoast SEO plugin v24.3 - https:\/\/yoast.com\/wordpress\/plugins\/seo\/ -->\n<title>Accueil - Elephant Power Records Independent record label<\/title>\n<meta name=\"description\" content=\"Elephant Power Records Independent record label Dj Elephant Power\" \/>\n<meta name=\"robots\" content=\"index, follow, max-snippet:-1, max-image-preview:large, max-video-preview:-1\" \/>\n<link rel=\"canonical\" href=\"https:\/\/www.elephantpowerrecords.com\/\" \/>\n<meta property=\"og:locale\" content=\"en_US\" \/>\n<meta property=\"og:type\" content=\"article\" \/>\n<meta property=\"og:title\" content=\"Accueil - Elephant Power Records Independent record label\" \/>\n<meta property=\"og:description\" content=\"Elephant Power Records Independent record label Dj Elephant Power\" \/>\n<meta property=\"og:url\" content=\"https:\/\/www.elephantpowerrecords.com\/\" \/>\n<meta property=\"og:site_name\" content=\"Elephant Power Records\" \/>\n<meta property=\"article:modified_time\" content=\"2025-09-08T13:49:39+00:00\" \/>\n<meta name=\"twitter:card\" content=\"summary_large_image\" \/>\n<meta name=\"twitter:label1\" content=\"Est. reading time\" \/>\n\t<meta name=\"twitter:data1\" content=\"1 minute\" \/>\n<script type=\"application\/ld+json\" class=\"yoast-schema-graph\">{\"@context\":\"https:\/\/schema.org\",\"@graph\":[{\"@type\":\"WebPage\",\"@id\":\"https:\/\/www.elephantpowerrecords.com\/\",\"url\":\"https:\/\/www.elephantpowerrecords.com\/\",\"name\":\"Accueil - Elephant Power Records Independent record label\",\"isPartOf\":{\"@id\":\"https:\/\/www.elephantpowerrecords.com\/#website\"},\"datePublished\":\"2020-01-28T19:32:10+00:00\",\"dateModified\":\"2025-09-08T13:49:39+00:00\",\"description\":\"Elephant Power Records Independent record label Dj Elephant Power\",\"breadcrumb\":{\"@id\":\"https:\/\/www.elephantpowerrecords.com\/#breadcrumb\"},\"inLanguage\":\"en-US\",\"potentialAction\":[{\"@type\":\"ReadAction\",\"target\":[\"https:\/\/www.elephantpowerrecords.com\/\"]}]},{\"@type\":\"BreadcrumbList\",\"@id\":\"https:\/\/www.elephantpowerrecords.com\/#breadcrumb\",\"itemListElement\":[{\"@type\":\"ListItem\",\"position\":1,\"name\":\"Accueil\",\"item\":\"https:\/\/www.elephantpowerrecords.com\/\"},{\"@type\":\"ListItem\",\"position\":2,\"name\":\"Accueil\"}]},{\"@type\":\"WebSite\",\"@id\":\"https:\/\/www.elephantpowerrecords.com\/#website\",\"url\":\"https:\/\/www.elephantpowerrecords.com\/\",\"name\":\"Elephant Power Records\",\"description\":\"Independent record label\",\"potentialAction\":[{\"@type\":\"SearchAction\",\"target\":{\"@type\":\"EntryPoint\",\"urlTemplate\":\"https:\/\/www.elephantpowerrecords.com\/?s={search_term_string}\"},\"query-input\":{\"@type\":\"PropertyValueSpecification\",\"valueRequired\":true,\"valueName\":\"search_term_string\"}}],\"inLanguage\":\"en-US\"}]}<\/script>\n<!-- \/ Yoast SEO plugin. -->","yoast_head_json":{"title":"Accueil - Elephant Power Records Independent record label","description":"Elephant Power Records Independent record label Dj Elephant Power","robots":{"index":"index","follow":"follow","max-snippet":"max-snippet:-1","max-image-preview":"max-image-preview:large","max-video-preview":"max-video-preview:-1"},"canonical":"https:\/\/www.elephantpowerrecords.com\/","og_locale":"en_US","og_type":"article","og_title":"Accueil - Elephant Power Records Independent record label","og_description":"Elephant Power Records Independent record label Dj Elephant Power","og_url":"https:\/\/www.elephantpowerrecords.com\/","og_site_name":"Elephant Power Records","article_modified_time":"2025-09-08T13:49:39+00:00","twitter_card":"summary_large_image","twitter_misc":{"Est. reading time":"1 minute"},"schema":{"@context":"https:\/\/schema.org","@graph":[{"@type":"WebPage","@id":"https:\/\/www.elephantpowerrecords.com\/","url":"https:\/\/www.elephantpowerrecords.com\/","name":"Accueil - Elephant Power Records Independent record label","isPartOf":{"@id":"https:\/\/www.elephantpowerrecords.com\/#website"},"datePublished":"2020-01-28T19:32:10+00:00","dateModified":"2025-09-08T13:49:39+00:00","description":"Elephant Power Records Independent record label Dj Elephant Power","breadcrumb":{"@id":"https:\/\/www.elephantpowerrecords.com\/#breadcrumb"},"inLanguage":"en-US","potentialAction":[{"@type":"ReadAction","target":["https:\/\/www.elephantpowerrecords.com\/"]}]},{"@type":"BreadcrumbList","@id":"https:\/\/www.elephantpowerrecords.com\/#breadcrumb","itemListElement":[{"@type":"ListItem","position":1,"name":"Accueil","item":"https:\/\/www.elephantpowerrecords.com\/"},{"@type":"ListItem","position":2,"name":"Accueil"}]},{"@type":"WebSite","@id":"https:\/\/www.elephantpowerrecords.com\/#website","url":"https:\/\/www.elephantpowerrecords.com\/","name":"Elephant Power Records","description":"Independent record label","potentialAction":[{"@type":"SearchAction","target":{"@type":"EntryPoint","urlTemplate":"https:\/\/www.elephantpowerrecords.com\/?s={search_term_string}"},"query-input":{"@type":"PropertyValueSpecification","valueRequired":true,"valueName":"search_term_string"}}],"inLanguage":"en-US"}]}},"jetpack_sharing_enabled":true,"_links":{"self":[{"href":"https:\/\/www.elephantpowerrecords.com\/index.php\/wp-json\/wp\/v2\/pages\/8","targetHints":{"allow":["GET"]}}],"collection":[{"href":"https:\/\/www.elephantpowerrecords.com\/index.php\/wp-json\/wp\/v2\/pages"}],"about":[{"href":"https:\/\/www.elephantpowerrecords.com\/index.php\/wp-json\/wp\/v2\/types\/page"}],"author":[{"embeddable":true,"href":"https:\/\/www.elephantpowerrecords.com\/index.php\/wp-json\/wp\/v2\/users\/1"}],"replies":[{"embeddable":true,"href":"https:\/\/www.elephantpowerrecords.com\/index.php\/wp-json\/wp\/v2\/comments?post=8"}],"version-history":[{"count":152,"href":"https:\/\/www.elephantpowerrecords.com\/index.php\/wp-json\/wp\/v2\/pages\/8\/revisions"}],"predecessor-version":[{"id":1780,"href":"https:\/\/www.elephantpowerrecords.com\/index.php\/wp-json\/wp\/v2\/pages\/8\/revisions\/1780"}],"wp:attachment":[{"href":"https:\/\/www.elephantpowerrecords.com\/index.php\/wp-json\/wp\/v2\/media?parent=8"}],"curies":[{"name":"wp","href":"https:\/\/api.w.org\/{rel}","templated":true}]}}